{"id":19,"date":"2019-02-08T19:18:44","date_gmt":"2019-02-08T18:18:44","guid":{"rendered":"http:\/\/www.sandraskok.com\/thomas\/?page_id=19"},"modified":"2020-12-12T12:48:11","modified_gmt":"2020-12-12T11:48:11","slug":"kabarett","status":"publish","type":"page","link":"http:\/\/www.sandraskok.com\/thomas\/kabarett\/","title":{"rendered":"Kabarett"},"content":{"rendered":"\n<h2 class=\"wp-block-heading\"><strong>\u201eM\u201c wie Meteor<\/strong><\/h2>\n\n\n\n<p>Es war im Jahre 2012: der Verein \u201eMETEOR &#8211; Verein f\u00fcr darstellende und audiovisuelle Kunst\u201c wurde gegr\u00fcndet! Monatelang haben wir dann gesucht, gefunden, geschrieben, getextet, ge\u00fcbt, geprobt, gesungen, geredet, getanzt, gebastelt, gemalt, geh\u00e4mmert, gebohrt, gen\u00e4ht, getackert, geputzt, geschliffen, geschleppt und gelacht&#8230; und schlie\u00dflich war es dann endlich soweit: PREMIERE! B\u00fchne frei f\u00fcr METEOR und die Moralische Geisterfahrt am 13. September 2013!<\/p>\n\n\n\n<p>Wegen des gro\u00dfen Erfolges wurde das Programm auch in den Jahren danach immer wieder aufgef\u00fchrt, wobei die Rollenbesetzung variierte.<\/p>\n\n\n\n<figure class=\"wp-block-image size-large is-style-default\"><img loading=\"lazy\" decoding=\"async\" width=\"1024\" height=\"683\" src=\"http:\/\/www.sandraskok.com\/thomas\/wp-content\/uploads\/6Meteor_2013_MoralischeGeisterfahrt_2-1-1024x683.jpg\" alt=\"\" class=\"wp-image-904\" srcset=\"http:\/\/www.sandraskok.com\/thomas\/wp-content\/uploads\/6Meteor_2013_MoralischeGeisterfahrt_2-1-1024x683.jpg 1024w, http:\/\/www.sandraskok.com\/thomas\/wp-content\/uploads\/6Meteor_2013_MoralischeGeisterfahrt_2-1-300x200.jpg 300w, http:\/\/www.sandraskok.com\/thomas\/wp-content\/uploads\/6Meteor_2013_MoralischeGeisterfahrt_2-1-768x512.jpg 768w, http:\/\/www.sandraskok.com\/thomas\/wp-content\/uploads\/6Meteor_2013_MoralischeGeisterfahrt_2-1-1536x1024.jpg 1536w, http:\/\/www.sandraskok.com\/thomas\/wp-content\/uploads\/6Meteor_2013_MoralischeGeisterfahrt_2-1-2048x1365.jpg 2048w\" sizes=\"auto, (max-width: 1024px) 100vw, 1024px\" \/><\/figure>\n\n\n\n<p>Gemeinsam mit 5 weiteren Finalisten buhlten wir sogar am 29. November 2014 um die Gunst des Publikums und der Jury beim Kleinkunstwettbewerb SCHM\u00c4HTTERLING.<br>Jubel dich heiser, klatsch dir die H\u00e4nde wund und trink danach einen Wir-sind-so-traurig-weil-wir-nicht-gewonnen-haben- oder einen Wir-sind-so-gl\u00fccklich-weil-wir-gewonnen-haben-Schnaps mit uns\u2026 das war unser Motto.<\/p>\n\n\n\n<p>2019 folgte dann das zweite Programm: &lt;space>&lt;escape> <br>Eine intergalaktische Heldenreise mit Antihelden und uraufgef\u00fchrt am 10. September 2019.<\/p>\n\n\n\n<p>\u2026tja, und derzeit \u00fcberlegen wir, wohin uns die n\u00e4chste Reise f\u00fchrt\u2026 <br>Wer mehr und\/oder N\u00e4heres erfahren oder nachlesen m\u00f6chte\u2026 bitte sch\u00f6n:<\/p>\n\n\n\n<p><a rel=\"noreferrer noopener\" href=\"https:\/\/www.facebook.com\/PlanetMeteor\/\" target=\"_blank\">https:\/\/www.facebook.com\/PlanetMeteor\/<\/a><\/p>\n","protected":false},"excerpt":{"rendered":"<p>\u201eM\u201c wie Meteor Es war im Jahre 2012: der Verein \u201eMETEOR &#8211; Verein f\u00fcr darstellende und audiovisuelle Kunst\u201c wurde gegr\u00fcndet! Monatelang haben wir dann gesucht, gefunden, geschrieben, getextet, ge\u00fcbt, geprobt, gesungen, geredet, getanzt, gebastelt, gemalt, geh\u00e4mmert, gebohrt, gen\u00e4ht, getackert, geputzt, geschliffen, geschleppt und gelacht&#8230; und schlie\u00dflich war es dann endlich soweit: PREMIERE! B\u00fchne frei f\u00fcr [&hellip;]<\/p>\n","protected":false},"author":1,"featured_media":0,"parent":0,"menu_order":0,"comment_status":"closed","ping_status":"closed","template":"","meta":{"ngg_post_thumbnail":0,"gt_page_layout":"","gt_hide_page_title":false,"gt_remove_bottom_margin":false,"footnotes":""},"class_list":["post-19","page","type-page","status-publish","hentry"],"_links":{"self":[{"href":"http:\/\/www.sandraskok.com\/thomas\/wp-json\/wp\/v2\/pages\/19","targetHints":{"allow":["GET"]}}],"collection":[{"href":"http:\/\/www.sandraskok.com\/thomas\/wp-json\/wp\/v2\/pages"}],"about":[{"href":"http:\/\/www.sandraskok.com\/thomas\/wp-json\/wp\/v2\/types\/page"}],"author":[{"embeddable":true,"href":"http:\/\/www.sandraskok.com\/thomas\/wp-json\/wp\/v2\/users\/1"}],"replies":[{"embeddable":true,"href":"http:\/\/www.sandraskok.com\/thomas\/wp-json\/wp\/v2\/comments?post=19"}],"version-history":[{"count":22,"href":"http:\/\/www.sandraskok.com\/thomas\/wp-json\/wp\/v2\/pages\/19\/revisions"}],"predecessor-version":[{"id":1048,"href":"http:\/\/www.sandraskok.com\/thomas\/wp-json\/wp\/v2\/pages\/19\/revisions\/1048"}],"wp:attachment":[{"href":"http:\/\/www.sandraskok.com\/thomas\/wp-json\/wp\/v2\/media?parent=19"}],"curies":[{"name":"wp","href":"https:\/\/api.w.org\/{rel}","templated":true}]}}