{"id":2,"date":"2019-01-13T14:52:23","date_gmt":"2019-01-13T13:52:23","guid":{"rendered":"http:\/\/www.sandraskok.com\/thomas\/?page_id=2"},"modified":"2023-11-30T20:58:01","modified_gmt":"2023-11-30T19:58:01","slug":"beispiel-seite","status":"publish","type":"page","link":"http:\/\/www.sandraskok.com\/thomas\/beispiel-seite\/","title":{"rendered":"Vita"},"content":{"rendered":"\n<div class=\"wp-block-columns is-layout-flex wp-container-core-columns-is-layout-9d6595d7 wp-block-columns-is-layout-flex\">\n<div class=\"wp-block-column is-layout-flow wp-block-column-is-layout-flow\" style=\"flex-basis:50%\">\n<p>Gr\u00f6\u00dfe:&nbsp; &nbsp;&nbsp; &nbsp;&nbsp;&nbsp;&nbsp;&nbsp;&nbsp; 175 cm<br>Haarfarbe:&nbsp;&nbsp;&nbsp;&nbsp;&nbsp; dunkelbraun-grau meliert<br>Augenfarbe:&nbsp;&nbsp;&nbsp; blau<br>Geburtsort:&nbsp;&nbsp;&nbsp;&nbsp; Wien<\/p>\n\n\n\n<p><strong>Kontakt<\/strong><\/p>\n\n\n\n<p>Thomas Bauer<br>Steinbruchgasse 22c<br>A-2500 Baden<br>Tel.Nr.: 0664 999 71 931<br>Email: &nbsp;&nbsp;tb921969[@]gmail.com<\/p>\n<\/div>\n\n\n\n<div class=\"wp-block-column is-layout-flow wp-block-column-is-layout-flow\">\n<figure class=\"wp-block-image size-large\"><img loading=\"lazy\" decoding=\"async\" width=\"1024\" height=\"1024\" src=\"http:\/\/www.sandraskok.com\/thomas\/wp-content\/uploads\/P1140264-1.jpg\" alt=\"\" class=\"wp-image-935\" srcset=\"http:\/\/www.sandraskok.com\/thomas\/wp-content\/uploads\/P1140264-1.jpg 1024w, http:\/\/www.sandraskok.com\/thomas\/wp-content\/uploads\/P1140264-1-300x300.jpg 300w, http:\/\/www.sandraskok.com\/thomas\/wp-content\/uploads\/P1140264-1-150x150.jpg 150w, http:\/\/www.sandraskok.com\/thomas\/wp-content\/uploads\/P1140264-1-768x768.jpg 768w\" sizes=\"auto, (max-width: 1024px) 100vw, 1024px\" \/><\/figure>\n<\/div>\n<\/div>\n\n\n\n<p>Ehemaliger Fu\u00dfballprofi (VfB M\u00f6dling) und ab <em>1999<\/em> erste B\u00fchnenerfahrungen<\/p>\n\n\n\n<div class=\"wp-block-media-text alignwide is-stacked-on-mobile\"><figure class=\"wp-block-media-text__media\"><img loading=\"lazy\" decoding=\"async\" width=\"572\" height=\"1024\" src=\"http:\/\/www.sandraskok.com\/thomas\/wp-content\/uploads\/P1140231_2.jpg\" alt=\"\" class=\"wp-image-952\" srcset=\"http:\/\/www.sandraskok.com\/thomas\/wp-content\/uploads\/P1140231_2.jpg 572w, http:\/\/www.sandraskok.com\/thomas\/wp-content\/uploads\/P1140231_2-168x300.jpg 168w\" sizes=\"auto, (max-width: 572px) 100vw, 572px\" \/><\/figure><div class=\"wp-block-media-text__content\">\n<p>Private Schauspielausbildung bei <strong>Susanne Mitterer<\/strong> und <strong>Fritz Holy<\/strong><\/p>\n\n\n\n<p><em>2010<\/em> Deb\u00fct im Theater Experiment als August Henkel in <strong>&#8222;Gegenlicht&#8220;<\/strong> von <strong>Oskar Zemme<\/strong> unter der Regie von <strong>Gertraud Frey<\/strong>&#8211; seither Ensemblemitglied<\/p>\n\n\n\n<p>Improvisationstheater mit <strong>&#8222;Webers Knechte&#8220;<\/strong> unter der Leitung von <strong>Christof Weber<\/strong><\/p>\n\n\n\n<p>Seit <em>2010<\/em> Zusammenarbeit mit <strong>Joseph Hartmann<\/strong> in diversen Projekten als Darsteller und Regieassistent, vorwiegend im Theater Spielraum<\/p>\n\n\n\n<p><em>2012<\/em> Mitbegr\u00fcnder der Kabarettgruppe <strong>&#8222;Meteor&#8220;<\/strong>, <em>2013<\/em> Deb\u00fctprogramm <strong>&#8222;Moralische Geisterfahrt&#8220;<\/strong> (Nominiert f\u00fcr den \u201eSCHM\u00c4HTTERLING\u201c <em>2014<\/em>) und <em>2019<\/em> 2tes Programm <strong>\u201e&lt;space&gt; &lt;escape&gt;\u201c<\/strong><\/p>\n\n\n\n<p>Seit <em>2014<\/em> Ensemblemitglied bei Theater im Weinberg (Off-Theater Perchtoldsdorf)<\/p>\n\n\n\n<p>Ab <em>2015<\/em> diverse Produktionen mit <strong>Peter W. Hochegger<\/strong> im Theater Westliches Weinviertel<\/p>\n\n\n\n<p>Produktion Greiner Sommerspiele <em>2015<\/em> als Conrad Veigel in <strong>\u201eWie zerronnen, so gewonnen\u201c<\/strong><\/p>\n\n\n\n<p>Sprecher f\u00fcr die Buchb\u00e4nde der <strong>Ernst Klett Sprachen GmbH:<\/strong> <strong>\u201eDeutsch im Alltag und Beruf\u201c<\/strong><\/p>\n<\/div><\/div>\n\n\n\n<p><\/p>\n\n\n\n<p>Ab <em>2016<\/em> Zusammenarbeit mit <strong>Erich Martin Wolf <\/strong>in verschiedenen Produktionen vorwiegend im Theater Center Forum sowie in der Trib\u00fcne Wien<\/p>\n\n\n\n<p><em>2016, 2017, 2018, 2019<\/em> und 2023 Theater im Gemeindebau unter der Leitung von <strong>Peter W. Hochegger<\/strong><\/p>\n\n\n\n<p><em>2017<\/em> Darsteller des Vaters im Kurzfilm <strong>\u201eLavendelgr\u00fcn &#8211; Der Film\u201c<\/strong> von <strong>Tobias Steiner<\/strong><\/p>\n\n\n\n<p><em>2018<\/em> Zusammenarbeit mit Theater Delphin in der Produktion <strong>\u201e2 Stunden\u201c<\/strong> als Dr. Josef Hladky unter der Regie von <strong>Tobias Schilling<\/strong><\/p>\n\n\n\n<p><em>2018<\/em> und <em>2019<\/em> Darstellung verschiedener Tierbesitzer zur Unterst\u00fctzung der Ausbildung an der Veterin\u00e4rmedizinischen Universit\u00e4t Wien<\/p>\n\n\n\n<p><em>2019<\/em> Mitwirkender (St\u00fcck: \u201e<strong>2 Stunden\u201c<\/strong> und szenische Lesung: als Stefan Zweig in <strong>\u201eEurostar\u201c<\/strong>) beim Theaterfestival HIN &amp; WEG in Litschau\/Herrensee<\/p>\n\n\n\n<p><em>2019<\/em> Eigene Produktion: szenische Lesung <strong>\u201ever.spielt\u201c<\/strong> mit Texten von <strong>Evelin Schwaiger<\/strong> und <strong>Thomas Bauer<\/strong><\/p>\n\n\n\n<p><em>2020<\/em> Hauptrolle (Vater) im Kurzfilm <strong>\u201eMarija\u201c<\/strong> unter der Regie von <strong>Jonah W\u00f6gerbauer<\/strong><\/p>\n\n\n\n<p><em>2022\/23 K\u00fcnstlerische Karenz aufgrund einer 11-monatigen Weltreise<\/em><\/p>\n\n\n\n<p>2023 Ensemblemitglied und diverse Rollen beim <strong>Kinder-Mitmachtheater Harlekin<\/strong><\/p>\n\n\n\n<figure class=\"wp-block-image size-large\"><img loading=\"lazy\" decoding=\"async\" width=\"1024\" height=\"683\" src=\"http:\/\/www.sandraskok.com\/thomas\/wp-content\/uploads\/P1140334_2.jpg\" alt=\"\" class=\"wp-image-950\" srcset=\"http:\/\/www.sandraskok.com\/thomas\/wp-content\/uploads\/P1140334_2.jpg 1024w, http:\/\/www.sandraskok.com\/thomas\/wp-content\/uploads\/P1140334_2-300x200.jpg 300w, http:\/\/www.sandraskok.com\/thomas\/wp-content\/uploads\/P1140334_2-768x512.jpg 768w\" sizes=\"auto, (max-width: 1024px) 100vw, 1024px\" \/><\/figure>\n","protected":false},"excerpt":{"rendered":"<p>Gr\u00f6\u00dfe:&nbsp; &nbsp;&nbsp; &nbsp;&nbsp;&nbsp;&nbsp;&nbsp;&nbsp; 175 cmHaarfarbe:&nbsp;&nbsp;&nbsp;&nbsp;&nbsp; dunkelbraun-grau meliertAugenfarbe:&nbsp;&nbsp;&nbsp; blauGeburtsort:&nbsp;&nbsp;&nbsp;&nbsp; Wien Kontakt Thomas BauerSteinbruchgasse 22cA-2500 BadenTel.Nr.: 0664 999 71 931Email: &nbsp;&nbsp;tb921969[@]gmail.com Ehemaliger Fu\u00dfballprofi (VfB M\u00f6dling) und ab 1999 erste B\u00fchnenerfahrungen Private Schauspielausbildung bei Susanne Mitterer und Fritz Holy 2010 Deb\u00fct im Theater Experiment als August Henkel in &#8222;Gegenlicht&#8220; von Oskar Zemme unter der Regie von Gertraud Frey&#8211; [&hellip;]<\/p>\n","protected":false},"author":1,"featured_media":0,"parent":0,"menu_order":0,"comment_status":"closed","ping_status":"open","template":"","meta":{"ngg_post_thumbnail":0,"gt_page_layout":"","gt_hide_page_title":false,"gt_remove_bottom_margin":false,"footnotes":""},"class_list":["post-2","page","type-page","status-publish","hentry"],"_links":{"self":[{"href":"http:\/\/www.sandraskok.com\/thomas\/wp-json\/wp\/v2\/pages\/2","targetHints":{"allow":["GET"]}}],"collection":[{"href":"http:\/\/www.sandraskok.com\/thomas\/wp-json\/wp\/v2\/pages"}],"about":[{"href":"http:\/\/www.sandraskok.com\/thomas\/wp-json\/wp\/v2\/types\/page"}],"author":[{"embeddable":true,"href":"http:\/\/www.sandraskok.com\/thomas\/wp-json\/wp\/v2\/users\/1"}],"replies":[{"embeddable":true,"href":"http:\/\/www.sandraskok.com\/thomas\/wp-json\/wp\/v2\/comments?post=2"}],"version-history":[{"count":25,"href":"http:\/\/www.sandraskok.com\/thomas\/wp-json\/wp\/v2\/pages\/2\/revisions"}],"predecessor-version":[{"id":1129,"href":"http:\/\/www.sandraskok.com\/thomas\/wp-json\/wp\/v2\/pages\/2\/revisions\/1129"}],"wp:attachment":[{"href":"http:\/\/www.sandraskok.com\/thomas\/wp-json\/wp\/v2\/media?parent=2"}],"curies":[{"name":"wp","href":"https:\/\/api.w.org\/{rel}","templated":true}]}}