{"id":412,"date":"2020-11-27T10:02:58","date_gmt":"2020-11-27T09:02:58","guid":{"rendered":"http:\/\/www.sandraskok.com\/thomas\/?page_id=412"},"modified":"2020-12-10T16:02:05","modified_gmt":"2020-12-10T15:02:05","slug":"medien","status":"publish","type":"page","link":"http:\/\/www.sandraskok.com\/thomas\/medien\/","title":{"rendered":"Filme"},"content":{"rendered":"\n<h2 class=\"wp-block-heading\">2020<\/h2>\n\n\n\n<p>Imagefilm: \u00a9 by RA Mag. Florian H\u00d6LLWARTH, MBL<br>(Auszug)<\/p>\n\n\n\n<iframe loading=\"lazy\" src=\"https:\/\/www.youtube.com\/embed\/_3i17wDHrF4?start=126&amp;end=150\" allow=\"accelerometer; autoplay; clipboard-write; encrypted-media; gyroscope; picture-in-picture\" allowfullscreen=\"\" width=\"560\" height=\"315\" frameborder=\"0\"><\/iframe>\n\n\n\n<div style=\"height:120px\" aria-hidden=\"true\" class=\"wp-block-spacer\"><\/div>\n\n\n\n<p><strong>Marija<\/strong><br>Regie: Jonah W\u00f6gerbauer, Rolle: Vater<br>Kurzfilm<\/p>\n\n\n\n<div style=\"height:80px\" aria-hidden=\"true\" class=\"wp-block-spacer\"><\/div>\n\n\n\n<h2 class=\"wp-block-heading\">2017<\/h2>\n\n\n\n<p><strong>Lavendelgr\u00fcn <\/strong>(Tobias Steiner)<br>Regie: Tobias Steiner, Rolle: Vater<br>Kurzfilm<\/p>\n","protected":false},"excerpt":{"rendered":"<p>2020 Imagefilm: \u00a9 by RA Mag. Florian H\u00d6LLWARTH, MBL(Auszug) MarijaRegie: Jonah W\u00f6gerbauer, Rolle: VaterKurzfilm 2017 Lavendelgr\u00fcn (Tobias Steiner)Regie: Tobias Steiner, Rolle: VaterKurzfilm<\/p>\n","protected":false},"author":1,"featured_media":0,"parent":0,"menu_order":0,"comment_status":"closed","ping_status":"closed","template":"","meta":{"ngg_post_thumbnail":0,"gt_page_layout":"","gt_hide_page_title":false,"gt_remove_bottom_margin":false,"footnotes":""},"class_list":["post-412","page","type-page","status-publish","hentry"],"_links":{"self":[{"href":"http:\/\/www.sandraskok.com\/thomas\/wp-json\/wp\/v2\/pages\/412","targetHints":{"allow":["GET"]}}],"collection":[{"href":"http:\/\/www.sandraskok.com\/thomas\/wp-json\/wp\/v2\/pages"}],"about":[{"href":"http:\/\/www.sandraskok.com\/thomas\/wp-json\/wp\/v2\/types\/page"}],"author":[{"embeddable":true,"href":"http:\/\/www.sandraskok.com\/thomas\/wp-json\/wp\/v2\/users\/1"}],"replies":[{"embeddable":true,"href":"http:\/\/www.sandraskok.com\/thomas\/wp-json\/wp\/v2\/comments?post=412"}],"version-history":[{"count":17,"href":"http:\/\/www.sandraskok.com\/thomas\/wp-json\/wp\/v2\/pages\/412\/revisions"}],"predecessor-version":[{"id":1032,"href":"http:\/\/www.sandraskok.com\/thomas\/wp-json\/wp\/v2\/pages\/412\/revisions\/1032"}],"wp:attachment":[{"href":"http:\/\/www.sandraskok.com\/thomas\/wp-json\/wp\/v2\/media?parent=412"}],"curies":[{"name":"wp","href":"https:\/\/api.w.org\/{rel}","templated":true}]}}